{"id":9,"date":"2022-12-09T01:06:27","date_gmt":"2022-12-09T01:06:27","guid":{"rendered":"http:\/\/aprovmaxima.ds2agencia.com.br\/?page_id=9"},"modified":"2022-12-09T20:21:47","modified_gmt":"2022-12-09T20:21:47","slug":"aprovacao-maxima","status":"publish","type":"page","link":"https:\/\/aprovmaxima.ds2agencia.com.br\/","title":{"rendered":"Aprova\u00e7\u00e3o M\u00e1xima"},"content":{"rendered":"\t\t<div data-elementor-type=\"wp-page\" data-elementor-id=\"9\" class=\"elementor elementor-9\">\n\t\t\t\t\t\t\t\t\t<section class=\"elementor-section elementor-top-section elementor-element elementor-element-e7342a7 elementor-section-boxed elementor-section-height-default elementor-section-height-default\" data-id=\"e7342a7\" data-element_type=\"section\" data-settings=\"{&quot;background_background&quot;:&quot;classic&quot;}\">\n\t\t\t\t\t\t<div class=\"elementor-container elementor-column-gap-default\">\n\t\t\t\t\t<div class=\"elementor-column elementor-col-100 elementor-top-column elementor-element elementor-element-4b7d94e\" data-id=\"4b7d94e\" data-element_type=\"column\">\n\t\t\t<div class=\"elementor-widget-wrap elementor-element-populated\">\n\t\t\t\t\t\t\t\t<div class=\"elementor-element elementor-element-998d2de elementor-widget elementor-widget-image\" data-id=\"998d2de\" data-element_type=\"widget\" data-widget_type=\"image.default\">\n\t\t\t\t<div class=\"elementor-widget-container\">\n\t\t\t<style>\/*! elementor - v3.9.0 - 06-12-2022 *\/\n.elementor-widget-image{text-align:center}.elementor-widget-image a{display:inline-block}.elementor-widget-image a img[src$=\".svg\"]{width:48px}.elementor-widget-image img{vertical-align:middle;display:inline-block}<\/style>\t\t\t\t\t\t\t\t\t\t\t\t<img decoding=\"async\" width=\"700\" height=\"321\" src=\"https:\/\/aprovmaxima.ds2agencia.com.br\/wp-content\/uploads\/2022\/12\/1-1-SUPERIOR.png\" class=\"attachment-large size-large wp-image-64\" alt=\"\" loading=\"lazy\" srcset=\"https:\/\/aprovmaxima.ds2agencia.com.br\/wp-content\/uploads\/2022\/12\/1-1-SUPERIOR.png 700w, https:\/\/aprovmaxima.ds2agencia.com.br\/wp-content\/uploads\/2022\/12\/1-1-SUPERIOR-300x138.png 300w\" sizes=\"(max-width: 700px) 100vw, 700px\" \/>\t\t\t\t\t\t\t\t\t\t\t\t\t\t\t<\/div>\n\t\t\t\t<\/div>\n\t\t\t\t\t<\/div>\n\t\t<\/div>\n\t\t\t\t\t\t\t<\/div>\n\t\t<\/section>\n\t\t\t\t<section class=\"elementor-section elementor-top-section elementor-element elementor-element-a82fe50 elementor-section-boxed elementor-section-height-default elementor-section-height-default\" data-id=\"a82fe50\" data-element_type=\"section\" data-settings=\"{&quot;background_background&quot;:&quot;classic&quot;}\">\n\t\t\t\t\t\t<div class=\"elementor-container elementor-column-gap-default\">\n\t\t\t\t\t<div class=\"elementor-column elementor-col-100 elementor-top-column elementor-element elementor-element-7879ce3\" data-id=\"7879ce3\" data-element_type=\"column\">\n\t\t\t<div class=\"elementor-widget-wrap elementor-element-populated\">\n\t\t\t\t\t\t\t\t<div class=\"elementor-element elementor-element-8878118 elementor-aspect-ratio-169 elementor-widget elementor-widget-video\" data-id=\"8878118\" data-element_type=\"widget\" data-settings=\"{&quot;youtube_url&quot;:&quot;https:\\\/\\\/youtu.be\\\/y86qUwHXLi0&quot;,&quot;autoplay&quot;:&quot;yes&quot;,&quot;video_type&quot;:&quot;youtube&quot;,&quot;controls&quot;:&quot;yes&quot;,&quot;aspect_ratio&quot;:&quot;169&quot;}\" data-widget_type=\"video.default\">\n\t\t\t\t<div class=\"elementor-widget-container\">\n\t\t\t<style>\/*! elementor - v3.9.0 - 06-12-2022 *\/\n.elementor-widget-video .elementor-widget-container{overflow:hidden;transform:translateZ(0)}.elementor-widget-video .elementor-open-inline .elementor-custom-embed-image-overlay{position:absolute;top:0;left:0;width:100%;height:100%;background-size:cover;background-position:50%}.elementor-widget-video .elementor-custom-embed-image-overlay{cursor:pointer;text-align:center}.elementor-widget-video .elementor-custom-embed-image-overlay:hover .elementor-custom-embed-play i{opacity:1}.elementor-widget-video .elementor-custom-embed-image-overlay img{display:block;width:100%}.elementor-widget-video .e-hosted-video .elementor-video{-o-object-fit:cover;object-fit:cover}.e-con-inner>.elementor-widget-video,.e-con>.elementor-widget-video{width:var(--container-widget-width);--flex-grow:var(--container-widget-flex-grow)}<\/style>\t\t<div class=\"elementor-wrapper elementor-fit-aspect-ratio elementor-open-inline\">\n\t\t\t<div class=\"elementor-video\"><\/div>\t\t<\/div>\n\t\t\t\t<\/div>\n\t\t\t\t<\/div>\n\t\t\t\t\t<\/div>\n\t\t<\/div>\n\t\t\t\t\t\t\t<\/div>\n\t\t<\/section>\n\t\t\t\t<section class=\"elementor-section elementor-top-section elementor-element elementor-element-48b8040 elementor-section-boxed elementor-section-height-default elementor-section-height-default\" data-id=\"48b8040\" data-element_type=\"section\" data-settings=\"{&quot;background_background&quot;:&quot;classic&quot;}\">\n\t\t\t\t\t\t<div class=\"elementor-container elementor-column-gap-default\">\n\t\t\t\t\t<div class=\"elementor-column elementor-col-100 elementor-top-column elementor-element elementor-element-c9f6d16\" data-id=\"c9f6d16\" data-element_type=\"column\">\n\t\t\t<div class=\"elementor-widget-wrap elementor-element-populated\">\n\t\t\t\t\t\t\t\t<div class=\"elementor-element elementor-element-d86b229 elementor-widget elementor-widget-image\" data-id=\"d86b229\" data-element_type=\"widget\" data-widget_type=\"image.default\">\n\t\t\t\t<div class=\"elementor-widget-container\">\n\t\t\t\t\t\t\t\t\t\t\t\t\t\t\t<img decoding=\"async\" width=\"700\" height=\"446\" src=\"https:\/\/aprovmaxima.ds2agencia.com.br\/wp-content\/uploads\/2022\/12\/1-2-INFERIOR.png\" class=\"attachment-large size-large wp-image-65\" alt=\"\" loading=\"lazy\" srcset=\"https:\/\/aprovmaxima.ds2agencia.com.br\/wp-content\/uploads\/2022\/12\/1-2-INFERIOR.png 700w, https:\/\/aprovmaxima.ds2agencia.com.br\/wp-content\/uploads\/2022\/12\/1-2-INFERIOR-300x191.png 300w\" sizes=\"(max-width: 700px) 100vw, 700px\" \/>\t\t\t\t\t\t\t\t\t\t\t\t\t\t\t<\/div>\n\t\t\t\t<\/div>\n\t\t\t\t<div class=\"elementor-element elementor-element-c64400b elementor-widget elementor-widget-html\" data-id=\"c64400b\" data-element_type=\"widget\" data-widget_type=\"html.default\">\n\t\t\t\t<div class=\"elementor-widget-container\">\n\t\t\t<center>\r\n<div class=\"fe-pulse\"><a href=\"#kit\"><img decoding=\"async\" src=\"https:\/\/i.imgur.com\/gm2vyMG.png\"><\/a><\/div>\r\n\r\n<style> \r\n @keyframes pulse {\r\n  from { transform: scale(1); }\r\n  50% { transform: scale(0.85); }\r\n  to { transform: scale(1); }\r\n}\r\n\r\n.fe-pulse {\r\n  animation-name: pulse;\r\n  animation-duration: 3s;\r\n  animation-iteration-count: infinite;\r\n}\r\n <\/style>\r\n<\/center>\t\t<\/div>\n\t\t\t\t<\/div>\n\t\t\t\t<div class=\"elementor-element elementor-element-1692473 elementor-widget elementor-widget-image\" data-id=\"1692473\" data-element_type=\"widget\" data-widget_type=\"image.default\">\n\t\t\t\t<div class=\"elementor-widget-container\">\n\t\t\t\t\t\t\t\t\t\t\t\t\t\t\t<img decoding=\"async\" width=\"640\" height=\"1024\" src=\"https:\/\/aprovmaxima.ds2agencia.com.br\/wp-content\/uploads\/2022\/12\/2-1-640x1024.png\" class=\"attachment-large size-large wp-image-160\" alt=\"\" loading=\"lazy\" srcset=\"https:\/\/aprovmaxima.ds2agencia.com.br\/wp-content\/uploads\/2022\/12\/2-1-640x1024.png 640w, https:\/\/aprovmaxima.ds2agencia.com.br\/wp-content\/uploads\/2022\/12\/2-1-188x300.png 188w, https:\/\/aprovmaxima.ds2agencia.com.br\/wp-content\/uploads\/2022\/12\/2-1.png 700w\" sizes=\"(max-width: 640px) 100vw, 640px\" \/>\t\t\t\t\t\t\t\t\t\t\t\t\t\t\t<\/div>\n\t\t\t\t<\/div>\n\t\t\t\t<div class=\"elementor-element elementor-element-f864488 elementor-widget elementor-widget-html\" data-id=\"f864488\" data-element_type=\"widget\" data-widget_type=\"html.default\">\n\t\t\t\t<div class=\"elementor-widget-container\">\n\t\t\t<center>\r\n<div class=\"fe-pulse\"><a href=\"https:\/\/t.me\/aprovacaomaxima\"><img decoding=\"async\" src=\"https:\/\/i.imgur.com\/bUmfJJp.png\"><\/a><\/div>\r\n\r\n<style> \r\n @keyframes pulse {\r\n  from { transform: scale(1); }\r\n  50% { transform: scale(0.85); }\r\n  to { transform: scale(1); }\r\n}\r\n\r\n.fe-pulse {\r\n  animation-name: pulse;\r\n  animation-duration: 3s;\r\n  animation-iteration-count: infinite;\r\n}\r\n <\/style>\r\n<\/center>\t\t<\/div>\n\t\t\t\t<\/div>\n\t\t\t\t<div class=\"elementor-element elementor-element-b4b2422 elementor-widget elementor-widget-image\" data-id=\"b4b2422\" data-element_type=\"widget\" data-widget_type=\"image.default\">\n\t\t\t\t<div class=\"elementor-widget-container\">\n\t\t\t\t\t\t\t\t\t\t\t\t\t\t\t<img decoding=\"async\" width=\"640\" height=\"1024\" src=\"https:\/\/aprovmaxima.ds2agencia.com.br\/wp-content\/uploads\/2022\/12\/3-640x1024.png\" class=\"attachment-large size-large wp-image-68\" alt=\"\" loading=\"lazy\" srcset=\"https:\/\/aprovmaxima.ds2agencia.com.br\/wp-content\/uploads\/2022\/12\/3-640x1024.png 640w, https:\/\/aprovmaxima.ds2agencia.com.br\/wp-content\/uploads\/2022\/12\/3-188x300.png 188w, https:\/\/aprovmaxima.ds2agencia.com.br\/wp-content\/uploads\/2022\/12\/3.png 700w\" sizes=\"(max-width: 640px) 100vw, 640px\" \/>\t\t\t\t\t\t\t\t\t\t\t\t\t\t\t<\/div>\n\t\t\t\t<\/div>\n\t\t\t\t<div class=\"elementor-element elementor-element-541e5d3 elementor-widget elementor-widget-image\" data-id=\"541e5d3\" data-element_type=\"widget\" data-widget_type=\"image.default\">\n\t\t\t\t<div class=\"elementor-widget-container\">\n\t\t\t\t\t\t\t\t\t\t\t\t\t\t\t<img decoding=\"async\" width=\"640\" height=\"1024\" src=\"https:\/\/aprovmaxima.ds2agencia.com.br\/wp-content\/uploads\/2022\/12\/4-640x1024.png\" class=\"attachment-large size-large wp-image-69\" alt=\"\" loading=\"lazy\" srcset=\"https:\/\/aprovmaxima.ds2agencia.com.br\/wp-content\/uploads\/2022\/12\/4-640x1024.png 640w, https:\/\/aprovmaxima.ds2agencia.com.br\/wp-content\/uploads\/2022\/12\/4-188x300.png 188w, https:\/\/aprovmaxima.ds2agencia.com.br\/wp-content\/uploads\/2022\/12\/4.png 700w\" sizes=\"(max-width: 640px) 100vw, 640px\" \/>\t\t\t\t\t\t\t\t\t\t\t\t\t\t\t<\/div>\n\t\t\t\t<\/div>\n\t\t\t\t<div class=\"elementor-element elementor-element-7e3fb27 elementor-widget elementor-widget-image\" data-id=\"7e3fb27\" data-element_type=\"widget\" data-widget_type=\"image.default\">\n\t\t\t\t<div class=\"elementor-widget-container\">\n\t\t\t\t\t\t\t\t\t\t\t\t\t\t\t<img decoding=\"async\" width=\"640\" height=\"1024\" src=\"https:\/\/aprovmaxima.ds2agencia.com.br\/wp-content\/uploads\/2022\/12\/5-640x1024.png\" class=\"attachment-large size-large wp-image-70\" alt=\"\" loading=\"lazy\" srcset=\"https:\/\/aprovmaxima.ds2agencia.com.br\/wp-content\/uploads\/2022\/12\/5-640x1024.png 640w, https:\/\/aprovmaxima.ds2agencia.com.br\/wp-content\/uploads\/2022\/12\/5-188x300.png 188w, https:\/\/aprovmaxima.ds2agencia.com.br\/wp-content\/uploads\/2022\/12\/5.png 700w\" sizes=\"(max-width: 640px) 100vw, 640px\" \/>\t\t\t\t\t\t\t\t\t\t\t\t\t\t\t<\/div>\n\t\t\t\t<\/div>\n\t\t\t\t<div class=\"elementor-element elementor-element-00b347d elementor-widget elementor-widget-image\" data-id=\"00b347d\" data-element_type=\"widget\" data-widget_type=\"image.default\">\n\t\t\t\t<div class=\"elementor-widget-container\">\n\t\t\t\t\t\t\t\t\t\t\t\t\t\t\t<img decoding=\"async\" width=\"640\" height=\"1024\" src=\"https:\/\/aprovmaxima.ds2agencia.com.br\/wp-content\/uploads\/2022\/12\/6-640x1024.png\" class=\"attachment-large size-large wp-image-71\" alt=\"\" loading=\"lazy\" srcset=\"https:\/\/aprovmaxima.ds2agencia.com.br\/wp-content\/uploads\/2022\/12\/6-640x1024.png 640w, https:\/\/aprovmaxima.ds2agencia.com.br\/wp-content\/uploads\/2022\/12\/6-188x300.png 188w, https:\/\/aprovmaxima.ds2agencia.com.br\/wp-content\/uploads\/2022\/12\/6.png 700w\" sizes=\"(max-width: 640px) 100vw, 640px\" \/>\t\t\t\t\t\t\t\t\t\t\t\t\t\t\t<\/div>\n\t\t\t\t<\/div>\n\t\t\t\t<div class=\"elementor-element elementor-element-db45d43 elementor-widget elementor-widget-image\" data-id=\"db45d43\" data-element_type=\"widget\" data-widget_type=\"image.default\">\n\t\t\t\t<div class=\"elementor-widget-container\">\n\t\t\t\t\t\t\t\t\t\t\t\t\t\t\t<img decoding=\"async\" width=\"640\" height=\"1024\" src=\"https:\/\/aprovmaxima.ds2agencia.com.br\/wp-content\/uploads\/2022\/12\/7-640x1024.png\" class=\"attachment-large size-large wp-image-72\" alt=\"\" loading=\"lazy\" srcset=\"https:\/\/aprovmaxima.ds2agencia.com.br\/wp-content\/uploads\/2022\/12\/7-640x1024.png 640w, https:\/\/aprovmaxima.ds2agencia.com.br\/wp-content\/uploads\/2022\/12\/7-188x300.png 188w, https:\/\/aprovmaxima.ds2agencia.com.br\/wp-content\/uploads\/2022\/12\/7.png 700w\" sizes=\"(max-width: 640px) 100vw, 640px\" \/>\t\t\t\t\t\t\t\t\t\t\t\t\t\t\t<\/div>\n\t\t\t\t<\/div>\n\t\t\t\t<div class=\"elementor-element elementor-element-d56833b elementor-widget elementor-widget-image\" data-id=\"d56833b\" data-element_type=\"widget\" data-widget_type=\"image.default\">\n\t\t\t\t<div class=\"elementor-widget-container\">\n\t\t\t\t\t\t\t\t\t\t\t\t\t\t\t<img decoding=\"async\" width=\"640\" height=\"1024\" src=\"https:\/\/aprovmaxima.ds2agencia.com.br\/wp-content\/uploads\/2022\/12\/8-640x1024.png\" class=\"attachment-large size-large wp-image-73\" alt=\"\" loading=\"lazy\" srcset=\"https:\/\/aprovmaxima.ds2agencia.com.br\/wp-content\/uploads\/2022\/12\/8-640x1024.png 640w, https:\/\/aprovmaxima.ds2agencia.com.br\/wp-content\/uploads\/2022\/12\/8-188x300.png 188w, https:\/\/aprovmaxima.ds2agencia.com.br\/wp-content\/uploads\/2022\/12\/8.png 700w\" sizes=\"(max-width: 640px) 100vw, 640px\" \/>\t\t\t\t\t\t\t\t\t\t\t\t\t\t\t<\/div>\n\t\t\t\t<\/div>\n\t\t\t\t<div class=\"elementor-element elementor-element-80c9bbf elementor-widget elementor-widget-image\" data-id=\"80c9bbf\" data-element_type=\"widget\" data-widget_type=\"image.default\">\n\t\t\t\t<div class=\"elementor-widget-container\">\n\t\t\t\t\t\t\t\t\t\t\t\t\t\t\t<img decoding=\"async\" width=\"640\" height=\"1024\" src=\"https:\/\/aprovmaxima.ds2agencia.com.br\/wp-content\/uploads\/2022\/12\/9-640x1024.png\" class=\"attachment-large size-large wp-image-74\" alt=\"\" loading=\"lazy\" srcset=\"https:\/\/aprovmaxima.ds2agencia.com.br\/wp-content\/uploads\/2022\/12\/9-640x1024.png 640w, https:\/\/aprovmaxima.ds2agencia.com.br\/wp-content\/uploads\/2022\/12\/9-188x300.png 188w, https:\/\/aprovmaxima.ds2agencia.com.br\/wp-content\/uploads\/2022\/12\/9.png 700w\" sizes=\"(max-width: 640px) 100vw, 640px\" \/>\t\t\t\t\t\t\t\t\t\t\t\t\t\t\t<\/div>\n\t\t\t\t<\/div>\n\t\t\t\t<div class=\"elementor-element elementor-element-b25c126 elementor-widget elementor-widget-menu-anchor\" data-id=\"b25c126\" data-element_type=\"widget\" data-widget_type=\"menu-anchor.default\">\n\t\t\t\t<div class=\"elementor-widget-container\">\n\t\t\t<style>\/*! elementor - v3.9.0 - 06-12-2022 *\/\nbody.elementor-page .elementor-widget-menu-anchor{margin-bottom:0}<\/style>\t\t<div id=\"kit\" class=\"elementor-menu-anchor\"><\/div>\n\t\t\t\t<\/div>\n\t\t\t\t<\/div>\n\t\t\t\t<div class=\"elementor-element elementor-element-0ab1c09 elementor-widget elementor-widget-image\" data-id=\"0ab1c09\" data-element_type=\"widget\" data-widget_type=\"image.default\">\n\t\t\t\t<div class=\"elementor-widget-container\">\n\t\t\t\t\t\t\t\t\t\t\t\t\t\t\t<img decoding=\"async\" width=\"640\" height=\"1024\" src=\"https:\/\/aprovmaxima.ds2agencia.com.br\/wp-content\/uploads\/2022\/12\/10-640x1024.png\" class=\"attachment-large size-large wp-image-75\" alt=\"\" loading=\"lazy\" srcset=\"https:\/\/aprovmaxima.ds2agencia.com.br\/wp-content\/uploads\/2022\/12\/10-640x1024.png 640w, https:\/\/aprovmaxima.ds2agencia.com.br\/wp-content\/uploads\/2022\/12\/10-188x300.png 188w, https:\/\/aprovmaxima.ds2agencia.com.br\/wp-content\/uploads\/2022\/12\/10.png 700w\" sizes=\"(max-width: 640px) 100vw, 640px\" \/>\t\t\t\t\t\t\t\t\t\t\t\t\t\t\t<\/div>\n\t\t\t\t<\/div>\n\t\t\t\t<div class=\"elementor-element elementor-element-8b5196b elementor-widget elementor-widget-image\" data-id=\"8b5196b\" data-element_type=\"widget\" data-widget_type=\"image.default\">\n\t\t\t\t<div class=\"elementor-widget-container\">\n\t\t\t\t\t\t\t\t\t\t\t\t\t\t\t<img decoding=\"async\" width=\"640\" height=\"1024\" src=\"https:\/\/aprovmaxima.ds2agencia.com.br\/wp-content\/uploads\/2022\/12\/11-640x1024.png\" class=\"attachment-large size-large wp-image-76\" alt=\"\" loading=\"lazy\" srcset=\"https:\/\/aprovmaxima.ds2agencia.com.br\/wp-content\/uploads\/2022\/12\/11-640x1024.png 640w, https:\/\/aprovmaxima.ds2agencia.com.br\/wp-content\/uploads\/2022\/12\/11-188x300.png 188w, https:\/\/aprovmaxima.ds2agencia.com.br\/wp-content\/uploads\/2022\/12\/11.png 700w\" sizes=\"(max-width: 640px) 100vw, 640px\" \/>\t\t\t\t\t\t\t\t\t\t\t\t\t\t\t<\/div>\n\t\t\t\t<\/div>\n\t\t\t\t<div class=\"elementor-element elementor-element-d56339c elementor-widget elementor-widget-html\" data-id=\"d56339c\" data-element_type=\"widget\" data-widget_type=\"html.default\">\n\t\t\t\t<div class=\"elementor-widget-container\">\n\t\t\t<center>\r\n<div class=\"fe-pulse\"><a href=\"https:\/\/pay.kiwify.com.br\/CoEYD4L\"><img decoding=\"async\" src=\"https:\/\/i.imgur.com\/keDjvZY.png\"><\/a><\/div>\r\n\r\n<style> \r\n @keyframes pulse {\r\n  from { transform: scale(1); }\r\n  50% { transform: scale(0.85); }\r\n  to { transform: scale(1); }\r\n}\r\n\r\n.fe-pulse {\r\n  animation-name: pulse;\r\n  animation-duration: 3s;\r\n  animation-iteration-count: infinite;\r\n}\r\n <\/style>\r\n<\/center>\t\t<\/div>\n\t\t\t\t<\/div>\n\t\t\t\t\t<\/div>\n\t\t<\/div>\n\t\t\t\t\t\t\t<\/div>\n\t\t<\/section>\n\t\t\t\t\t\t\t<\/div>\n\t\t","protected":false},"excerpt":{"rendered":"","protected":false},"author":1,"featured_media":0,"parent":0,"menu_order":0,"comment_status":"closed","ping_status":"closed","template":"elementor_canvas","meta":[],"_links":{"self":[{"href":"https:\/\/aprovmaxima.ds2agencia.com.br\/index.php\/wp-json\/wp\/v2\/pages\/9"}],"collection":[{"href":"https:\/\/aprovmaxima.ds2agencia.com.br\/index.php\/wp-json\/wp\/v2\/pages"}],"about":[{"href":"https:\/\/aprovmaxima.ds2agencia.com.br\/index.php\/wp-json\/wp\/v2\/types\/page"}],"author":[{"embeddable":true,"href":"https:\/\/aprovmaxima.ds2agencia.com.br\/index.php\/wp-json\/wp\/v2\/users\/1"}],"replies":[{"embeddable":true,"href":"https:\/\/aprovmaxima.ds2agencia.com.br\/index.php\/wp-json\/wp\/v2\/comments?post=9"}],"version-history":[{"count":106,"href":"https:\/\/aprovmaxima.ds2agencia.com.br\/index.php\/wp-json\/wp\/v2\/pages\/9\/revisions"}],"predecessor-version":[{"id":166,"href":"https:\/\/aprovmaxima.ds2agencia.com.br\/index.php\/wp-json\/wp\/v2\/pages\/9\/revisions\/166"}],"wp:attachment":[{"href":"https:\/\/aprovmaxima.ds2agencia.com.br\/index.php\/wp-json\/wp\/v2\/media?parent=9"}],"curies":[{"name":"wp","href":"https:\/\/api.w.org\/{rel}","templated":true}]}}